{"id":2,"date":"2026-01-22T00:45:34","date_gmt":"2026-01-22T00:45:34","guid":{"rendered":"https:\/\/academiagrupoaldivenca.com\/wordpress\/?page_id=2"},"modified":"2026-01-25T20:11:54","modified_gmt":"2026-01-25T20:11:54","slug":"sample-page","status":"publish","type":"page","link":"https:\/\/academiagrupoaldivenca.com\/index.php\/sample-page\/","title":{"rendered":"Quienes Somos"},"content":{"rendered":"\n<p><strong>Grupo Aldivenca C.A.<\/strong>\u00a0es una\u00a0empresa de formaci\u00f3n integral ubicada en\u00a0<strong>Punto Fijo, Estado Falc\u00f3n<\/strong>, dedicada a la capacitaci\u00f3n profesional y tutor\u00edas para facilitar la inserci\u00f3n en el mercado laboral.<\/p>\n\n\n\n<p>La instituci\u00f3n ofrece programas de formaci\u00f3n tanto en modalidad&nbsp;<strong>online (en vivo por Zoom)<\/strong>&nbsp;como presencial y foros asincr\u00f3nicos. Sus \u00e1reas de especializaci\u00f3n incluyen:&nbsp;<\/p>\n\n\n\n<ul class=\"wp-block-list\">\n<li><strong>Educaci\u00f3n:<\/strong>\u00a0Cursos de planificaci\u00f3n y evaluaci\u00f3n de los aprendizajes, y manejo de condiciones como el TDAH o S\u00edndrome de Down.<\/li>\n\n\n\n<li><strong>Habilidades Profesionales:<\/strong>\u00a0Capacitaciones en herramientas de\u00a0<strong>Excel<\/strong>\u00a0(b\u00e1sico y avanzado) y talleres de atenci\u00f3n y servicio al cliente.<\/li>\n\n\n\n<li><strong>Salud y Bienestar:<\/strong>\u00a0Foros sobre t\u00e9cnicas para identificar y afrontar la depresi\u00f3n.<\/li>\n\n\n\n<li><strong>Seguridad Industrial:<\/strong>\u00a0Certificaciones integrales en seguridad y salud en el trabajo (SST)<\/li>\n<\/ul>\n","protected":false},"excerpt":{"rendered":"<p>Grupo Aldivenca C.A.\u00a0es una\u00a0empresa de formaci\u00f3n integral ubicada en\u00a0Punto Fijo, Estado Falc\u00f3n, dedicada a la capacitaci\u00f3n profesional y tutor\u00edas para facilitar la inserci\u00f3n en el mercado laboral. La instituci\u00f3n ofrece programas de formaci\u00f3n tanto en modalidad&nbsp;online (en vivo por Zoom)&nbsp;como presencial y foros asincr\u00f3nicos. Sus \u00e1reas de especializaci\u00f3n incluyen:&nbsp;<\/p>\n","protected":false},"author":1,"featured_media":0,"parent":0,"menu_order":0,"comment_status":"closed","ping_status":"open","template":"","meta":{"footnotes":""},"class_list":["post-2","page","type-page","status-publish","hentry"],"_links":{"self":[{"href":"https:\/\/academiagrupoaldivenca.com\/index.php\/wp-json\/wp\/v2\/pages\/2","targetHints":{"allow":["GET"]}}],"collection":[{"href":"https:\/\/academiagrupoaldivenca.com\/index.php\/wp-json\/wp\/v2\/pages"}],"about":[{"href":"https:\/\/academiagrupoaldivenca.com\/index.php\/wp-json\/wp\/v2\/types\/page"}],"author":[{"embeddable":true,"href":"https:\/\/academiagrupoaldivenca.com\/index.php\/wp-json\/wp\/v2\/users\/1"}],"replies":[{"embeddable":true,"href":"https:\/\/academiagrupoaldivenca.com\/index.php\/wp-json\/wp\/v2\/comments?post=2"}],"version-history":[{"count":2,"href":"https:\/\/academiagrupoaldivenca.com\/index.php\/wp-json\/wp\/v2\/pages\/2\/revisions"}],"predecessor-version":[{"id":91,"href":"https:\/\/academiagrupoaldivenca.com\/index.php\/wp-json\/wp\/v2\/pages\/2\/revisions\/91"}],"wp:attachment":[{"href":"https:\/\/academiagrupoaldivenca.com\/index.php\/wp-json\/wp\/v2\/media?parent=2"}],"curies":[{"name":"wp","href":"https:\/\/api.w.org\/{rel}","templated":true}]}}